{"id":121,"date":"2021-08-02T15:43:24","date_gmt":"2021-08-02T15:43:24","guid":{"rendered":"https:\/\/www.cssigniter.com\/demos\/kea\/?page_id=10"},"modified":"2022-12-06T10:46:48","modified_gmt":"2022-12-06T10:46:48","slug":"home","status":"publish","type":"page","link":"https:\/\/casazabka.com\/development\/","title":{"rendered":"Home"},"content":{"rendered":"\n<div id=\"block-c9fba7-eef5-49\" class=\"wp-block-gutenbee-container alignfull block-c9fba7-eef5-49 theme-grid has-background-image has-background-overlay gutenbee-overflow-hidden\"><style>.wp-block-gutenbee-container.block-c9fba7-eef5-49 { height: 100vh; margin-bottom: 0px; align-items: center; }\n.wp-block-gutenbee-container.block-c9fba7-eef5-49 > .wp-block-gutenbee-container-background { background-image: url(https:\/\/casazabka.com\/development\/wp-content\/uploads\/2022\/06\/pozadie3.jpg); background-repeat: no-repeat; background-size: cover; background-position: top center; background-attachment: scroll; }\n\n\n      @media (max-width: 575px) {\n        .wp-block-gutenbee-container.block-c9fba7-eef5-49 { height: 100vh; padding-top: 100px; }\n      }<\/style><div class=\"wp-block-gutenbee-container-inner\"><div class=\"wp-block-gutenbee-container-row wp-block-gutenbee-container-lg\">\n<div class=\"wp-block-gutenbee-column block-2d7d7f-8e94-4c\"><style>.wp-block-gutenbee-column.block-2d7d7f-8e94-4c > .wp-block-gutenbee-column-content { padding-top: 50px; }\n.wp-block-gutenbee-column.block-2d7d7f-8e94-4c { flex-basis: 100%; }\n\n\n      @media (max-width: 991px) {\n        .wp-block-gutenbee-column.block-2d7d7f-8e94-4c { flex-basis: 100%; }\n      }\n    \n\n      @media (max-width: 575px) {\n        .wp-block-gutenbee-column.block-2d7d7f-8e94-4c > .wp-block-gutenbee-column-content { padding-top: 250px; }\n.wp-block-gutenbee-column.block-2d7d7f-8e94-4c { flex-basis: 100%; }\n      }<\/style><div class=\"wp-block-gutenbee-column-content\">\n<div id=\"block-d6d66a-f7b9-4b\" class=\"wp-block-gutenbee-divider block-d6d66a-f7b9-4b align-center\" style=\"height:10px\"><style>.wp-block-gutenbee-divider.block-d6d66a-f7b9-4b { padding-top: 150px; }<\/style><div class=\"wp-block-gutenbee-divider-inner\" style=\"border-top-style:solid;border-top-width:1px;border-top-color:#caad2a;width:100%\"><\/div><\/div>\n\n\n\n<h2 id=\"block-e93eed-1468-47\" class=\"wp-block-gutenbee-heading block-e93eed-1468-47 has-text-color\" style=\"color:#caad2a\">\u201cNemus\u00edme byt realitka, aby sme V\u00e1m na\u0161li Va\u0161u vysnen\u00fa nehnute\u013enos\u0165 na mieru\u201d<\/h2><style>.wp-block-gutenbee-heading.block-e93eed-1468-47 { margin-bottom: 0px; padding-top: 30px;  padding-bottom: 30px; text-align: center; }<\/style>\n\n\n\n<div id=\"block-10abdc-3711-46\" class=\"wp-block-gutenbee-divider block-10abdc-3711-46 align-center\" style=\"height:10px\"><div class=\"wp-block-gutenbee-divider-inner\" style=\"border-top-style:solid;border-top-width:1px;border-top-color:#caad2a;width:100%\"><\/div><\/div>\n\n\n\n<div id=\"block-0419f0-d0ae-42\" class=\"wp-block-gutenbee-container block-0419f0-d0ae-42 theme-grid\"><style>.wp-block-gutenbee-container.block-0419f0-d0ae-42 { padding-top: 50px; }<\/style><div class=\"wp-block-gutenbee-container-inner\"><div class=\"wp-block-gutenbee-container-row wp-block-gutenbee-container-lg\">\n<div class=\"wp-block-gutenbee-column block-8389d4-4325-43\"><style>.wp-block-gutenbee-column.block-8389d4-4325-43 { flex-basis: 100%; }\n\n\n      @media (max-width: 991px) {\n        .wp-block-gutenbee-column.block-8389d4-4325-43 { flex-basis: 100%; }\n      }\n    \n\n      @media (max-width: 575px) {\n        .wp-block-gutenbee-column.block-8389d4-4325-43 { flex-basis: 100%; }\n      }<\/style><div class=\"wp-block-gutenbee-column-content\">\n<p id=\"block-8c9334-3e49-40\" class=\"wp-block-gutenbee-paragraph block-8c9334-3e49-40 has-text-color has-theme-primary-color\"><em>&#8230;aj pri mori m\u00f4\u017eete by\u0165 doma&#8230;<\/em><\/p><style>.wp-block-gutenbee-paragraph.block-8c9334-3e49-40 { text-align: center; }<\/style>\n\n\n\n<div id=\"block-b196f9-b7a9-4d\" class=\"wp-block-gutenbee-buttons block-b196f9-b7a9-4d\"><style>.wp-block-gutenbee-buttons.block-b196f9-b7a9-4d { justify-content: center; }\n\n\n      @media (max-width: 575px) {\n        .wp-block-gutenbee-buttons.block-b196f9-b7a9-4d { justify-content: center; }\n      }<\/style>\n<div id=\"block-f098ac-a6a5-44\" class=\"wp-block-gutenbee-button block-f098ac-a6a5-44\"><a href=\"https:\/\/casazabka.com\/development\/ponuka-na-mieru\/\" class=\"gutenbee-block-button-link\"><strong>Ponuka na mieru<\/strong><\/a><\/div>\n<\/div>\n<\/div><\/div>\n<\/div><\/div><div class=\"wp-block-gutenbee-container-background\" data-parallax-speed=\"0.3\"><\/div><\/div>\n<\/div><\/div>\n<\/div><div class=\"wp-block-gutenbee-container-background-overlay\" style=\"background-color:rgba(0, 0, 0, 0.6)\"><\/div><\/div><div class=\"wp-block-gutenbee-container-background\" data-parallax-speed=\"0.3\"><\/div><\/div>\n\n\n\n<div id=\"block-7041f3-4525-4a\" class=\"wp-block-gutenbee-container alignfull block-7041f3-4525-4a theme-grid\"><style>.wp-block-gutenbee-container.block-7041f3-4525-4a { margin-bottom: 0px; padding-top: 80px;  padding-bottom: 80px; }<\/style><div class=\"wp-block-gutenbee-container-inner\"><div class=\"wp-block-gutenbee-container-row wp-block-gutenbee-container-lg\">\n<div class=\"wp-block-gutenbee-column block-890edd-2491-45\"><style>.wp-block-gutenbee-column.block-890edd-2491-45 { flex-basis: 100%; }\n\n\n      @media (max-width: 991px) {\n        .wp-block-gutenbee-column.block-890edd-2491-45 { flex-basis: 100%; }\n      }\n    \n\n      @media (max-width: 575px) {\n        .wp-block-gutenbee-column.block-890edd-2491-45 { flex-basis: 100%; }\n      }<\/style><div class=\"wp-block-gutenbee-column-content\">\n<h2 id=\"block-595df8-be2f-4a\" class=\"wp-block-gutenbee-heading block-595df8-be2f-4a has-text-color\" style=\"color:#ffffff\">Nehnute\u013enosti na predaj<\/h2><style>.wp-block-gutenbee-heading.block-595df8-be2f-4a { margin-bottom: 5px; font-size: 36px; text-align: center; }\n\n\n      @media (max-width: 991px) {\n        .wp-block-gutenbee-heading.block-595df8-be2f-4a { font-size: 32px; }\n      }\n    \n\n      @media (max-width: 575px) {\n        .wp-block-gutenbee-heading.block-595df8-be2f-4a { font-size: 28px; }\n      }<\/style>\n\n\n\n<div id=\"block-827857-5761-4e\" class=\"wp-block-gutenbee-container block-827857-5761-4e\"><style>.wp-block-gutenbee-container.block-827857-5761-4e { padding-top: 50px; }<\/style><div class=\"wp-block-gutenbee-container-inner\"><div class=\"wp-block-gutenbee-container-row wp-block-gutenbee-container-lg\">\n<div class=\"wp-block-gutenbee-column block-bab688-b17a-43\"><style>.wp-block-gutenbee-column.block-bab688-b17a-43 { flex-basis: 50%; }\n\n\n      @media (max-width: 991px) {\n        .wp-block-gutenbee-column.block-bab688-b17a-43 { flex-basis: 100%; }\n      }\n    \n\n      @media (max-width: 575px) {\n        .wp-block-gutenbee-column.block-bab688-b17a-43 { flex-basis: 100%; }\n      }<\/style><div class=\"wp-block-gutenbee-column-content\">\n<div id=\"block-04b3be-2f25-43\" class=\"wp-block-gutenbee-image block-04b3be-2f25-43 is-style-ignition-kea-border-image\"><figure class=\"aligncenter\"><img fetchpriority=\"high\" decoding=\"async\" width=\"300\" height=\"223\" src=\"https:\/\/casazabka.com\/development\/wp-content\/uploads\/2022\/11\/croatia.jpg\" alt=\"\" class=\"wp-image-899\"\/><\/figure><\/div>\n\n\n\n<div id=\"block-8d51b1-5cb6-40\" class=\"wp-block-gutenbee-buttons block-8d51b1-5cb6-40\"><style>.wp-block-gutenbee-buttons.block-8d51b1-5cb6-40 { justify-content: center; }<\/style>\n<div id=\"block-36dade-8963-49\" class=\"wp-block-gutenbee-button block-36dade-8963-49\"><style>.wp-block-gutenbee-button.block-36dade-8963-49 .gutenbee-block-button-link { font-size: 20px; }<\/style><a href=\"https:\/\/casazabka.com\/development\/inzercia-croatia\/\" class=\"gutenbee-block-button-link\" style=\"color:#caad2a\"><strong>CROATIA<\/strong><\/a><\/div>\n<\/div>\n<\/div><\/div>\n\n\n\n<div class=\"wp-block-gutenbee-column block-ae6bed-944a-48\"><style>.wp-block-gutenbee-column.block-ae6bed-944a-48 { flex-basis: 50%; }\n\n\n      @media (max-width: 991px) {\n        .wp-block-gutenbee-column.block-ae6bed-944a-48 { flex-basis: 100%; }\n      }\n    \n\n      @media (max-width: 575px) {\n        .wp-block-gutenbee-column.block-ae6bed-944a-48 { flex-basis: 100%; }\n      }<\/style><div class=\"wp-block-gutenbee-column-content\">\n<div id=\"block-63c90b-a2ce-4f\" class=\"wp-block-gutenbee-image block-63c90b-a2ce-4f is-style-ignition-kea-border-image\"><figure class=\"aligncenter\"><img decoding=\"async\" width=\"300\" height=\"223\" src=\"https:\/\/casazabka.com\/development\/wp-content\/uploads\/2022\/11\/Dubaj.jpg\" alt=\"\" class=\"wp-image-900\"\/><\/figure><\/div>\n\n\n\n<div id=\"block-d198aa-fd8e-40\" class=\"wp-block-gutenbee-buttons block-d198aa-fd8e-40\"><style>.wp-block-gutenbee-buttons.block-d198aa-fd8e-40 { justify-content: center; }<\/style>\n<div id=\"block-db041e-bd4b-4a\" class=\"wp-block-gutenbee-button block-db041e-bd4b-4a\"><style>.wp-block-gutenbee-button.block-db041e-bd4b-4a .gutenbee-block-button-link { font-size: 20px; }<\/style><a href=\"https:\/\/casazabka.com\/development\/inzercia-dubaj\/\" class=\"gutenbee-block-button-link\" style=\"color:#caad2a\"><strong>DUBAJ<\/strong><\/a><\/div>\n<\/div>\n<\/div><\/div>\n<\/div><\/div><div class=\"wp-block-gutenbee-container-background\" data-parallax-speed=\"0.3\"><\/div><\/div>\n<\/div><\/div>\n<\/div><\/div><div class=\"wp-block-gutenbee-container-background\" data-parallax-speed=\"0.3\" style=\"background-color:#000000\"><\/div><\/div>\n\n\n\n<div id=\"block-50a625-3fb0-43\" class=\"wp-block-gutenbee-container alignfull block-50a625-3fb0-43 has-parallax theme-grid has-background-image has-background-overlay\"><style>.wp-block-gutenbee-container.block-50a625-3fb0-43 { margin-bottom: 0px; padding-top: 70px;  padding-bottom: 70px; align-items: center; }\n.wp-block-gutenbee-container.block-50a625-3fb0-43 > .wp-block-gutenbee-container-background { background-image: url(https:\/\/casazabka.com\/development\/wp-content\/uploads\/2022\/06\/pozadie2-1.jpg); background-repeat: no-repeat; background-size: cover; background-position: top center; background-attachment: scroll; }<\/style><div class=\"wp-block-gutenbee-container-inner\"><div class=\"wp-block-gutenbee-container-row wp-block-gutenbee-container-lg\">\n<div class=\"wp-block-gutenbee-column block-daa688-0d89-45\"><style>.wp-block-gutenbee-column.block-daa688-0d89-45 { flex-basis: 100%; }\n\n\n      @media (max-width: 991px) {\n        .wp-block-gutenbee-column.block-daa688-0d89-45 { flex-basis: 100%; }\n      }\n    \n\n      @media (max-width: 575px) {\n        .wp-block-gutenbee-column.block-daa688-0d89-45 { flex-basis: 100%; }\n      }<\/style><div class=\"wp-block-gutenbee-column-content\">\n<h2 id=\"block-25658c-c63f-48\" class=\"wp-block-gutenbee-heading block-25658c-c63f-48 has-text-color\" style=\"color:#ffffff\">TEAM CASA \u017dABKA DEVELOPMENT<\/h2><style>.wp-block-gutenbee-heading.block-25658c-c63f-48 { margin-bottom: 5px; font-size: 36px; text-align: center; }\n\n\n      @media (max-width: 991px) {\n        .wp-block-gutenbee-heading.block-25658c-c63f-48 { font-size: 32px; }\n      }\n    \n\n      @media (max-width: 575px) {\n        .wp-block-gutenbee-heading.block-25658c-c63f-48 { font-size: 28px; }\n      }<\/style>\n\n\n\n<div id=\"block-7bea8d-0baf-42\" class=\"wp-block-gutenbee-container block-7bea8d-0baf-42 theme-grid\"><div class=\"wp-block-gutenbee-container-inner\"><div class=\"wp-block-gutenbee-container-row wp-block-gutenbee-container-lg\">\n<div class=\"wp-block-gutenbee-column block-3c8d32-bf65-46\"><style>@media (max-width: 991px) {\n        .wp-block-gutenbee-column.block-3c8d32-bf65-46 { flex-basis: 100%; }\n      }\n    \n\n      @media (max-width: 575px) {\n        .wp-block-gutenbee-column.block-3c8d32-bf65-46 { flex-basis: 100%; }\n      }<\/style><div class=\"wp-block-gutenbee-column-content\">\n<div id=\"block-889085-389c-4b\" class=\"wp-block-gutenbee-imagebox is-style-ignition-kea-border-image block-889085-389c-4b wp-block-gutenbee-imagebox-align-center\"><style>.wp-block-gutenbee-imagebox.block-889085-389c-4b .wp-block-gutenbee-imagebox-figure img { width: 160px; }<\/style><figure class=\"wp-block-gutenbee-imagebox-figure\"><img decoding=\"async\" src=\"https:\/\/casazabka.com\/development\/wp-content\/uploads\/2022\/06\/Manager.png\" alt=\"\"\/><\/figure><div class=\"wp-block-gutenbee-imagebox-content\"><h3 class=\"wp-block-gutenbee-imagebox-title\">Luk\u00e1\u0161 Koz\u00e1k<\/h3><p class=\"wp-block-gutenbee-imagebox-text\">Manager<\/p><\/div><\/div>\n<\/div><\/div>\n\n\n\n<div class=\"wp-block-gutenbee-column block-eb11e4-b09b-4b\"><style>@media (max-width: 991px) {\n        .wp-block-gutenbee-column.block-eb11e4-b09b-4b { flex-basis: 100%; }\n      }\n    \n\n      @media (max-width: 575px) {\n        .wp-block-gutenbee-column.block-eb11e4-b09b-4b { flex-basis: 100%; }\n      }<\/style><div class=\"wp-block-gutenbee-column-content\">\n<div id=\"block-8e380f-535e-4e\" class=\"wp-block-gutenbee-imagebox is-style-ignition-kea-border-image block-8e380f-535e-4e wp-block-gutenbee-imagebox-align-center\" style=\"background-color:rgba(0, 0, 0, 0)\"><style>.wp-block-gutenbee-imagebox.block-8e380f-535e-4e .wp-block-gutenbee-imagebox-figure img { width: 160px; }<\/style><figure class=\"wp-block-gutenbee-imagebox-figure\"><img decoding=\"async\" src=\"https:\/\/casazabka.com\/development\/wp-content\/uploads\/2022\/06\/makler-Josip-Bilac.jpg\" alt=\"\"\/><\/figure><div class=\"wp-block-gutenbee-imagebox-content\"><h3 class=\"wp-block-gutenbee-imagebox-title\">Josip<\/h3><p class=\"wp-block-gutenbee-imagebox-text\">Makl\u00e9r Croatia<\/p><\/div><\/div>\n<\/div><\/div>\n\n\n\n<div class=\"wp-block-gutenbee-column block-7579bf-e579-41\"><style>@media (max-width: 991px) {\n        .wp-block-gutenbee-column.block-7579bf-e579-41 { flex-basis: 100%; }\n      }\n    \n\n      @media (max-width: 575px) {\n        .wp-block-gutenbee-column.block-7579bf-e579-41 { flex-basis: 100%; }\n      }<\/style><div class=\"wp-block-gutenbee-column-content\">\n<div id=\"block-a704e8-dcc7-44\" class=\"wp-block-gutenbee-imagebox is-style-ignition-kea-border-image block-a704e8-dcc7-44 wp-block-gutenbee-imagebox-align-center\"><style>.wp-block-gutenbee-imagebox.block-a704e8-dcc7-44 .wp-block-gutenbee-imagebox-figure img { width: 160px; }<\/style><figure class=\"wp-block-gutenbee-imagebox-figure\"><img decoding=\"async\" src=\"https:\/\/casazabka.com\/development\/wp-content\/uploads\/2022\/11\/Veronika-makler.jpg\" alt=\"\"\/><\/figure><div class=\"wp-block-gutenbee-imagebox-content\"><h3 class=\"wp-block-gutenbee-imagebox-title\">Veronika<\/h3><p class=\"wp-block-gutenbee-imagebox-text\">Makl\u00e9r Dubaj<\/p><\/div><\/div>\n<\/div><\/div>\n<\/div><\/div><div class=\"wp-block-gutenbee-container-background\" data-parallax-speed=\"0.3\"><\/div><\/div>\n\n\n\n<div id=\"block-57a179-0f1d-48\" class=\"wp-block-gutenbee-container block-57a179-0f1d-48\"><style>.wp-block-gutenbee-container.block-57a179-0f1d-48 { padding-top: 50px; }<\/style><div class=\"wp-block-gutenbee-container-inner\"><div class=\"wp-block-gutenbee-container-row wp-block-gutenbee-container-lg\">\n<div class=\"wp-block-gutenbee-column block-ea96bc-13f4-48\"><style>.wp-block-gutenbee-column.block-ea96bc-13f4-48 { flex-basis: 50%; }\n\n\n      @media (max-width: 991px) {\n        .wp-block-gutenbee-column.block-ea96bc-13f4-48 { flex-basis: 100%; }\n      }\n    \n\n      @media (max-width: 575px) {\n        .wp-block-gutenbee-column.block-ea96bc-13f4-48 { flex-basis: 100%; }\n      }<\/style><div class=\"wp-block-gutenbee-column-content\">\n<div id=\"block-2833f7-230d-49\" class=\"wp-block-gutenbee-divider block-2833f7-230d-49 align-center\" style=\"height:10px\"><div class=\"wp-block-gutenbee-divider-inner\" style=\"border-top-style:solid;border-top-width:1px;border-top-color:#caad2a;width:100%\"><\/div><\/div>\n<\/div><\/div>\n\n\n\n<div class=\"wp-block-gutenbee-column block-d2728e-2bd2-47\"><style>.wp-block-gutenbee-column.block-d2728e-2bd2-47 { flex-basis: 50%; }\n\n\n      @media (max-width: 991px) {\n        .wp-block-gutenbee-column.block-d2728e-2bd2-47 { flex-basis: 100%; }\n      }\n    \n\n      @media (max-width: 575px) {\n        .wp-block-gutenbee-column.block-d2728e-2bd2-47 { flex-basis: 100%; }\n      }<\/style><div class=\"wp-block-gutenbee-column-content\"><\/div><\/div>\n<\/div><\/div><div class=\"wp-block-gutenbee-container-background\" data-parallax-speed=\"0.3\"><\/div><\/div>\n\n\n\n<p id=\"block-b30343-5df8-43\" class=\"wp-block-gutenbee-paragraph block-b30343-5df8-43 has-text-color has-theme-primary-color\"><strong>CASA \u017dABKA DEVELOPMENT zastupuje renomovan\u00e1 chorv\u00e1tska pr\u00e1vnick\u00e1 kancel\u00e1ria a na z\u00e1klade toho V\u00e1m vieme poskytn\u00fa\u0165 aj 100% pr\u00e1vny servis pri k\u00fape Va\u0161ej nehnute\u013enosti.<\/strong><\/p><style>.wp-block-gutenbee-paragraph.block-b30343-5df8-43 { padding-top: 30px; text-align: center; }<\/style>\n\n\n\n<p class=\"has-text-align-center has-theme-primary-color has-text-color\"><strong>V Dubaji V\u00e1m poskytne full servis pre k\u00fapu Va\u0161ej nehnute\u013enosti etablovan\u00e1 uspe\u0161n\u00e1 slovensk\u00e1 makl\u00e9rka Veronika,<br>ktor\u00e1 v Dubaji \u017eije a zabezpe\u010d\u00ed V\u00e1m od obhliadky cez komplet pr\u00e1vny aj legislat\u00edvny servis a\u017e po odovzdanie k\u013e\u00fa\u010dov od Va\u0161ej vysn\u00edvanej nehnutelnosti v Dubaji.<\/strong><\/p>\n\n\n\n<div id=\"block-973169-f1a4-48\" class=\"wp-block-gutenbee-container block-973169-f1a4-48\"><style>.wp-block-gutenbee-container.block-973169-f1a4-48 { padding-top: 30px; }<\/style><div class=\"wp-block-gutenbee-container-inner\"><div class=\"wp-block-gutenbee-container-row wp-block-gutenbee-container-lg\">\n<div class=\"wp-block-gutenbee-column block-97e9b8-ec13-4e\"><style>.wp-block-gutenbee-column.block-97e9b8-ec13-4e { flex-basis: 50%; }\n\n\n      @media (max-width: 991px) {\n        .wp-block-gutenbee-column.block-97e9b8-ec13-4e { flex-basis: 100%; }\n      }\n    \n\n      @media (max-width: 575px) {\n        .wp-block-gutenbee-column.block-97e9b8-ec13-4e { flex-basis: 100%; }\n      }<\/style><div class=\"wp-block-gutenbee-column-content\"><\/div><\/div>\n\n\n\n<div class=\"wp-block-gutenbee-column block-c7b44b-23e1-4f\"><style>.wp-block-gutenbee-column.block-c7b44b-23e1-4f { flex-basis: 50%; }\n\n\n      @media (max-width: 991px) {\n        .wp-block-gutenbee-column.block-c7b44b-23e1-4f { flex-basis: 100%; }\n      }\n    \n\n      @media (max-width: 575px) {\n        .wp-block-gutenbee-column.block-c7b44b-23e1-4f { flex-basis: 100%; }\n      }<\/style><div class=\"wp-block-gutenbee-column-content\">\n<div id=\"block-900c60-c3e2-40\" class=\"wp-block-gutenbee-divider block-900c60-c3e2-40 align-center\" style=\"height:10px\"><div class=\"wp-block-gutenbee-divider-inner\" style=\"border-top-style:solid;border-top-width:1px;border-top-color:#caad2a;width:100%\"><\/div><\/div>\n<\/div><\/div>\n<\/div><\/div><div class=\"wp-block-gutenbee-container-background\" data-parallax-speed=\"0.3\"><\/div><\/div>\n\n\n\n<div id=\"block-219ab0-c83a-41\" class=\"wp-block-gutenbee-buttons block-219ab0-c83a-41\"><style>.wp-block-gutenbee-buttons.block-219ab0-c83a-41 { padding-top: 30px; justify-content: center; }<\/style>\n<div id=\"block-61a3b2-a935-48\" class=\"wp-block-gutenbee-button block-61a3b2-a935-48\"><style>.wp-block-gutenbee-button.block-61a3b2-a935-48 .gutenbee-block-button-link { padding: 18px 50px 18px 50px; }<\/style><a href=\"https:\/\/casazabka.com\/development\/kontakty\/\" class=\"gutenbee-block-button-link\" style=\"background-color:rgba(0, 0, 0, 0);color:#ffffff;border-color:#caad2a;border-style:solid\"><strong>Kontakt<\/strong><\/a><\/div>\n<\/div>\n<\/div><\/div>\n<\/div><div class=\"wp-block-gutenbee-container-background-overlay\" style=\"background-color:rgba(0, 0, 0, 0.61)\"><\/div><\/div><div class=\"wp-block-gutenbee-container-background gutenbee-parallax\" data-parallax-speed=\"0.4\"><\/div><\/div>\n\n\n\n<div id=\"block-3d93ea-d32a-41\" class=\"wp-block-gutenbee-container block-3d93ea-d32a-41\"><style>.wp-block-gutenbee-container.block-3d93ea-d32a-41 { margin-bottom: 0px; padding-top: 80px;  padding-bottom: 90px; }<\/style><div class=\"wp-block-gutenbee-container-inner\"><div class=\"wp-block-gutenbee-container-row wp-block-gutenbee-container-lg\">\n<div class=\"wp-block-gutenbee-column block-e5675a-e86d-40\"><style>.wp-block-gutenbee-column.block-e5675a-e86d-40 { flex-basis: 100%; }\n\n\n      @media (max-width: 991px) {\n        .wp-block-gutenbee-column.block-e5675a-e86d-40 { flex-basis: 100%; }\n      }\n    \n\n      @media (max-width: 575px) {\n        .wp-block-gutenbee-column.block-e5675a-e86d-40 { flex-basis: 100%; }\n      }<\/style><div class=\"wp-block-gutenbee-column-content\">\n<h2 id=\"block-1b8f6e-5028-48\" class=\"wp-block-gutenbee-heading block-1b8f6e-5028-48\">Referencie<\/h2><style>.wp-block-gutenbee-heading.block-1b8f6e-5028-48 { margin-bottom: 5px; font-size: 36px; text-align: center; }\n\n\n      @media (max-width: 991px) {\n        .wp-block-gutenbee-heading.block-1b8f6e-5028-48 { font-size: 32px; }\n      }\n    \n\n      @media (max-width: 575px) {\n        .wp-block-gutenbee-heading.block-1b8f6e-5028-48 { font-size: 28px; }\n      }<\/style>\n\n\n\n<p id=\"block-00d353-bb6a-4e\" class=\"wp-block-gutenbee-paragraph block-00d353-bb6a-4e\">Nap\u00edsali o n\u00e1s<\/p><style>.wp-block-gutenbee-paragraph.block-00d353-bb6a-4e { margin-bottom: 50px; font-size: 18px; text-align: center; }\n\n\n      @media (max-width: 991px) {\n        .wp-block-gutenbee-paragraph.block-00d353-bb6a-4e { font-size: 16px; }\n      }<\/style>\n\n\n\n<div id=\"block-ddfed6-a1ce-40\" class=\"wp-block-gutenbee-container block-ddfed6-a1ce-40\"><div class=\"wp-block-gutenbee-container-inner\"><div class=\"wp-block-gutenbee-container-row wp-block-gutenbee-container-lg\">\n<div class=\"wp-block-gutenbee-column block-5e81cc-bce1-4e\"><style>@media (max-width: 991px) {\n        .wp-block-gutenbee-column.block-5e81cc-bce1-4e { flex-basis: 100%; }\n      }\n    \n\n      @media (max-width: 575px) {\n        .wp-block-gutenbee-column.block-5e81cc-bce1-4e { flex-basis: 100%; }\n      }<\/style><div class=\"wp-block-gutenbee-column-content\">\n<blockquote id=\"block-3cef06-85ca-42\" class=\"wp-block-gutenbee-testimonial block-3cef06-85ca-42 has-text-align-left gutenbee-testimonial-avatar-left is-style-rounded\" style=\"background-color:#010101\"><figure class=\"gutenbee-testimonial-avatar\"><img decoding=\"async\" src=\"https:\/\/casazabka.com\/development\/wp-content\/uploads\/2022\/06\/peter-1.jpg\" alt=\"\" class=\"wp-image-block-3cef06-85ca-42\"\/><\/figure><div class=\"gutenbee-testimonial-content-citation-wrapper\"><div class=\"wp-block-testimonial-content-wrapper\"><p><em>Va\u0161a pomoc pri pr\u00e1vnom zast\u00fapen\u00ed bola neocenite\u013en\u00e1. V\u010faka jasn\u00e9mu vysvetleniu r\u00f4znych probl\u00e9mov a n\u00e1strah, zrozumite\u013en\u00e9mu vysvetleniu sme predi\u0161li mnoh\u00fdm chyb\u00e1m.<\/em><\/p><\/div><cite class=\"gutenbee-block-testimonial__citation\">&#8211; Petr Z,<\/cite><\/div><style>.wp-block-gutenbee-testimonial.block-3cef06-85ca-42 { padding: 30px 30px 30px 30px; }\n.wp-block-gutenbee-testimonial.block-3cef06-85ca-42 .gutenbee-testimonial-avatar img { width: 100px; }\n.wp-block-gutenbee-testimonial.block-3cef06-85ca-42 .wp-block-testimonial-content-wrapper { font-size: 20px; }\n.wp-block-gutenbee-testimonial.block-3cef06-85ca-42 .gutenbee-block-testimonial__citation { font-size: 14px; }\n.wp-block-gutenbee-testimonial.block-3cef06-85ca-42 .gutenbee-block-testimonial__info { font-size: 15px; }<\/style><\/blockquote>\n<\/div><\/div>\n<\/div><\/div><div class=\"wp-block-gutenbee-container-background\" data-parallax-speed=\"0.3\"><\/div><\/div>\n<\/div><\/div>\n<\/div><\/div><div class=\"wp-block-gutenbee-container-background\" data-parallax-speed=\"0.3\"><\/div><\/div>\n\n\n\n<p><\/p>\n","protected":false},"excerpt":{"rendered":"","protected":false},"author":1,"featured_media":0,"parent":0,"menu_order":0,"comment_status":"closed","ping_status":"closed","template":"templates\/template-fullwidth-boxed.php","meta":{"_mi_skip_tracking":false,"_monsterinsights_sitenote_active":false,"_monsterinsights_sitenote_note":"","_monsterinsights_sitenote_category":0,"footnotes":""},"class_list":["post-121","page","type-page","status-publish","hentry"],"aioseo_notices":[],"_links":{"self":[{"href":"https:\/\/casazabka.com\/development\/wp-json\/wp\/v2\/pages\/121","targetHints":{"allow":["GET"]}}],"collection":[{"href":"https:\/\/casazabka.com\/development\/wp-json\/wp\/v2\/pages"}],"about":[{"href":"https:\/\/casazabka.com\/development\/wp-json\/wp\/v2\/types\/page"}],"author":[{"embeddable":true,"href":"https:\/\/casazabka.com\/development\/wp-json\/wp\/v2\/users\/1"}],"replies":[{"embeddable":true,"href":"https:\/\/casazabka.com\/development\/wp-json\/wp\/v2\/comments?post=121"}],"version-history":[{"count":90,"href":"https:\/\/casazabka.com\/development\/wp-json\/wp\/v2\/pages\/121\/revisions"}],"predecessor-version":[{"id":1236,"href":"https:\/\/casazabka.com\/development\/wp-json\/wp\/v2\/pages\/121\/revisions\/1236"}],"wp:attachment":[{"href":"https:\/\/casazabka.com\/development\/wp-json\/wp\/v2\/media?parent=121"}],"curies":[{"name":"wp","href":"https:\/\/api.w.org\/{rel}","templated":true}]}}