{"id":180,"date":"2022-05-25T13:23:19","date_gmt":"2022-05-25T13:23:19","guid":{"rendered":"https:\/\/casazabka.com\/development\/?page_id=180"},"modified":"2022-06-02T00:07:16","modified_gmt":"2022-06-02T00:07:16","slug":"ponuka-na-mieru","status":"publish","type":"page","link":"https:\/\/casazabka.com\/development\/ponuka-na-mieru\/","title":{"rendered":"Ponuka na mieru"},"content":{"rendered":"\n<div id=\"block-5795e5-51c6-4e\" class=\"wp-block-gutenbee-container block-5795e5-51c6-4e\"><div class=\"wp-block-gutenbee-container-inner\"><div class=\"wp-block-gutenbee-container-row wp-block-gutenbee-container-lg\">\n<div class=\"wp-block-gutenbee-column block-54f6c1-d7b1-42\"><style>.wp-block-gutenbee-column.block-54f6c1-d7b1-42 .wp-block-gutenbee-column-content { margin-bottom: 50px; }\n\n\n      @media (max-width: 991px) {\n        .wp-block-gutenbee-column.block-54f6c1-d7b1-42 { flex-basis: 100%; }\n      }\n    \n\n      @media (max-width: 575px) {\n        .wp-block-gutenbee-column.block-54f6c1-d7b1-42 { flex-basis: 100%; }\n      }<\/style><div class=\"wp-block-gutenbee-column-content\">\n<h2 id=\"block-5889bd-d5e9-4c\" class=\"wp-block-gutenbee-heading block-5889bd-d5e9-4c\">Ponuka na mieru<\/h2><style>.wp-block-gutenbee-heading.block-5889bd-d5e9-4c { margin-top: 200px; }<\/style>\n\n\n\n<div id=\"block-ca55fc-4491-43\" class=\"wp-block-gutenbee-container alignfull block-ca55fc-4491-43 theme-grid\"><style>.wp-block-gutenbee-container.block-ca55fc-4491-43 { padding-top: 100px; }<\/style><div class=\"wp-block-gutenbee-container-inner\"><div class=\"wp-block-gutenbee-container-row wp-block-gutenbee-container-lg\">\n<div class=\"wp-block-gutenbee-column block-af0a57-44d3-49\"><style>.wp-block-gutenbee-column.block-af0a57-44d3-49 { flex-basis: 100%; }\n\n\n      @media (max-width: 991px) {\n        .wp-block-gutenbee-column.block-af0a57-44d3-49 { flex-basis: 100%; }\n      }\n    \n\n      @media (max-width: 575px) {\n        .wp-block-gutenbee-column.block-af0a57-44d3-49 { flex-basis: 100%; }\n      }<\/style><div class=\"wp-block-gutenbee-column-content\"><div class=\"wpforms-container wpforms-container-full\" id=\"wpforms-185\"><form id=\"wpforms-form-185\" class=\"wpforms-validate wpforms-form wpforms-ajax-form\" data-formid=\"185\" method=\"post\" enctype=\"multipart\/form-data\" action=\"\/development\/wp-json\/wp\/v2\/pages\/180\" data-token=\"2e24d8fd119e529a97986241c2300ef9\" data-token-time=\"1778843973\"><noscript class=\"wpforms-error-noscript\">Please enable JavaScript in your browser to complete this form.<\/noscript><div class=\"wpforms-field-container\"><div id=\"wpforms-185-field_1-container\" class=\"wpforms-field wpforms-field-text\" data-field-id=\"1\"><label class=\"wpforms-field-label\" for=\"wpforms-185-field_1\">LOKALITA:<\/label><input type=\"text\" id=\"wpforms-185-field_1\" class=\"wpforms-field-large\" name=\"wpforms[fields][1]\" ><div class=\"wpforms-field-description\">napr.: mesto, \u017eupa, oblas\u0165...<\/div><\/div><div id=\"wpforms-185-field_4-container\" class=\"wpforms-field wpforms-field-select wpforms-field-select-style-modern\" data-field-id=\"4\"><label class=\"wpforms-field-label\" for=\"wpforms-185-field_4\">DRUH NEHNUTE\u013dNOSTI<\/label><select id=\"wpforms-185-field_4\" class=\"wpforms-field-large choicesjs-select\" data-size-class=\"wpforms-field-row wpforms-field-large\" data-search-enabled=\"\" name=\"wpforms[fields][4]\"><option value=\"\" class=\"placeholder\" disabled  selected='selected'><\/option><option value=\"Apartm\u00e1n\"  class=\"choice-2 depth-1\"  >Apartm\u00e1n<\/option><option value=\"Apartm\u00e1nov\u00fd dom\"  class=\"choice-3 depth-1\"  >Apartm\u00e1nov\u00fd dom<\/option><option value=\"Vila\"  class=\"choice-4 depth-1\"  >Vila<\/option><option value=\"Pozemok\"  class=\"choice-5 depth-1\"  >Pozemok<\/option><\/select><div class=\"wpforms-field-description\">Vyberte z pon\u00fakan\u00fdch mo\u017enost\u00ed<\/div><\/div><div id=\"wpforms-185-field_9-container\" class=\"wpforms-field wpforms-field-select wpforms-field-select-style-modern\" data-field-id=\"9\"><label class=\"wpforms-field-label\" for=\"wpforms-185-field_9\">\u00da\u010cEL VYU\u017dITIA NEHNUTE\u013dNOSTI <\/label><select id=\"wpforms-185-field_9\" class=\"wpforms-field-large choicesjs-select\" data-size-class=\"wpforms-field-row wpforms-field-large\" data-search-enabled=\"\" name=\"wpforms[fields][9]\"><option value=\"\" class=\"placeholder\" disabled  selected='selected'><\/option><option value=\"Komer\u010dn\u00e9 \u00fa\u010dely\"  class=\"choice-1 depth-1\"  >Komer\u010dn\u00e9 \u00fa\u010dely<\/option><option value=\"S\u00fakromn\u00e9 \u00fa\u010dely\"  class=\"choice-2 depth-1\"  >S\u00fakromn\u00e9 \u00fa\u010dely<\/option><\/select><div class=\"wpforms-field-description\">Vyberte z pon\u00fakan\u00fdch mo\u017enost\u00ed<\/div><\/div><div id=\"wpforms-185-field_11-container\" class=\"wpforms-field wpforms-field-text\" data-field-id=\"11\"><label class=\"wpforms-field-label\" for=\"wpforms-185-field_11\">VE\u013dKOS\u0164 NEHNUTE\u013dNOSTI:<\/label><input type=\"text\" id=\"wpforms-185-field_11\" class=\"wpforms-field-large\" name=\"wpforms[fields][11]\" ><div class=\"wpforms-field-description\">Uve\u010fte v m2.<\/div><\/div><div id=\"wpforms-185-field_12-container\" class=\"wpforms-field wpforms-field-text\" data-field-id=\"12\"><label class=\"wpforms-field-label\" for=\"wpforms-185-field_12\">VE\u013dKOS\u0164 POZEMKU:<\/label><input type=\"text\" id=\"wpforms-185-field_12\" class=\"wpforms-field-large\" name=\"wpforms[fields][12]\" ><div class=\"wpforms-field-description\">Uve\u010fte v m2.<\/div><\/div><div id=\"wpforms-185-field_13-container\" class=\"wpforms-field wpforms-field-text\" data-field-id=\"13\"><label class=\"wpforms-field-label\" for=\"wpforms-185-field_13\">POLOHA NEHNUTE\u013dNOSTI:<\/label><input type=\"text\" id=\"wpforms-185-field_13\" class=\"wpforms-field-large\" name=\"wpforms[fields][13]\" ><div class=\"wpforms-field-description\">napr.: vzdialenos\u0165 od mora; centrum, predmestie, tich\u00e1 lokalita...<\/div><\/div><div id=\"wpforms-185-field_14-container\" class=\"wpforms-field wpforms-field-select wpforms-field-select-style-modern\" data-field-id=\"14\"><label class=\"wpforms-field-label\" for=\"wpforms-185-field_14\">STAV NEHNUTE\u013dNOSTI:<\/label><select id=\"wpforms-185-field_14\" class=\"wpforms-field-large choicesjs-select\" data-size-class=\"wpforms-field-row wpforms-field-large\" data-search-enabled=\"\" name=\"wpforms[fields][14]\"><option value=\"\" class=\"placeholder\" disabled  selected='selected'><\/option><option value=\"Nov\u00e1\"  class=\"choice-1 depth-1\"  >Nov\u00e1<\/option><option value=\"Star\u0161ia\"  class=\"choice-2 depth-1\"  >Star\u0161ia<\/option><option value=\"Na rekon\u0161trukciu\"  class=\"choice-4 depth-1\"  >Na rekon\u0161trukciu<\/option><\/select><div class=\"wpforms-field-description\">Vyberte z pon\u00fakan\u00fdch mo\u017enost\u00ed<\/div><\/div><div id=\"wpforms-185-field_17-container\" class=\"wpforms-field wpforms-field-checkbox wpforms-list-2-columns\" data-field-id=\"17\"><label class=\"wpforms-field-label\">\u010cO BY MALA NEHNUTE\u013dNOS\u0164 OBSAHOVA\u0164 <\/label><ul id=\"wpforms-185-field_17\"><li class=\"choice-1 depth-1\"><input type=\"checkbox\" id=\"wpforms-185-field_17_1\" name=\"wpforms[fields][17][]\" value=\"Baz\u00e9n\"  ><label class=\"wpforms-field-label-inline\" for=\"wpforms-185-field_17_1\">Baz\u00e9n<\/label><\/li><li class=\"choice-2 depth-1\"><input type=\"checkbox\" id=\"wpforms-185-field_17_2\" name=\"wpforms[fields][17][]\" value=\"Terasa\"  ><label class=\"wpforms-field-label-inline\" for=\"wpforms-185-field_17_2\">Terasa<\/label><\/li><li class=\"choice-3 depth-1\"><input type=\"checkbox\" id=\"wpforms-185-field_17_3\" name=\"wpforms[fields][17][]\" value=\"Balk\u00f3n\"  ><label class=\"wpforms-field-label-inline\" for=\"wpforms-185-field_17_3\">Balk\u00f3n<\/label><\/li><li class=\"choice-4 depth-1\"><input type=\"checkbox\" id=\"wpforms-185-field_17_4\" name=\"wpforms[fields][17][]\" value=\"V\u00fdh\u013ead na more\"  ><label class=\"wpforms-field-label-inline\" for=\"wpforms-185-field_17_4\">V\u00fdh\u013ead na more<\/label><\/li><li class=\"choice-5 depth-1\"><input type=\"checkbox\" id=\"wpforms-185-field_17_5\" name=\"wpforms[fields][17][]\" value=\"Gar\u00e1\u017e\"  ><label class=\"wpforms-field-label-inline\" for=\"wpforms-185-field_17_5\">Gar\u00e1\u017e<\/label><\/li><li class=\"choice-6 depth-1\"><input type=\"checkbox\" id=\"wpforms-185-field_17_6\" name=\"wpforms[fields][17][]\" value=\"S\u00fakromn\u00e9 parkovacie st\u00e1tie\"  ><label class=\"wpforms-field-label-inline\" for=\"wpforms-185-field_17_6\">S\u00fakromn\u00e9 parkovacie st\u00e1tie<\/label><\/li><\/ul><\/div><div id=\"wpforms-185-field_18-container\" class=\"wpforms-field wpforms-field-checkbox wpforms-list-2-columns\" data-field-id=\"18\"><label class=\"wpforms-field-label\">VYBAVENIE INTERI\u00c9RU:<\/label><ul id=\"wpforms-185-field_18\"><li class=\"choice-1 depth-1\"><input type=\"checkbox\" id=\"wpforms-185-field_18_1\" name=\"wpforms[fields][18][]\" value=\"Kompletn\u00e9 zariadenie\"  ><label class=\"wpforms-field-label-inline\" for=\"wpforms-185-field_18_1\">Kompletn\u00e9 zariadenie<\/label><\/li><li class=\"choice-2 depth-1\"><input type=\"checkbox\" id=\"wpforms-185-field_18_2\" name=\"wpforms[fields][18][]\" value=\"Nezariaden\u00e9\"  ><label class=\"wpforms-field-label-inline\" for=\"wpforms-185-field_18_2\">Nezariaden\u00e9<\/label><\/li><li class=\"choice-3 depth-1\"><input type=\"checkbox\" id=\"wpforms-185-field_18_3\" name=\"wpforms[fields][18][]\" value=\"Klimatiz\u00e1cia\"  ><label class=\"wpforms-field-label-inline\" for=\"wpforms-185-field_18_3\">Klimatiz\u00e1cia<\/label><\/li><li class=\"choice-4 depth-1\"><input type=\"checkbox\" id=\"wpforms-185-field_18_4\" name=\"wpforms[fields][18][]\" value=\"K\u00farenie\"  ><label class=\"wpforms-field-label-inline\" for=\"wpforms-185-field_18_4\">K\u00farenie<\/label><\/li><\/ul><\/div><div id=\"wpforms-185-field_19-container\" class=\"wpforms-field wpforms-field-text\" data-field-id=\"19\"><label class=\"wpforms-field-label\" for=\"wpforms-185-field_19\">SP\u00d4SOB FINANCOVANIA:<\/label><input type=\"text\" id=\"wpforms-185-field_19\" class=\"wpforms-field-medium\" name=\"wpforms[fields][19]\" ><div class=\"wpforms-field-description\">Uve\u010fte: Vlastn\u00e9 finan\u010dn\u00e9 prostriedky, \u00faver...<\/div><\/div><div id=\"wpforms-185-field_20-container\" class=\"wpforms-field wpforms-field-text\" data-field-id=\"20\"><label class=\"wpforms-field-label\" for=\"wpforms-185-field_20\">MAXIM\u00c1LNA CENA NEHNUTE\u013dNOSTI:<\/label><input type=\"text\" id=\"wpforms-185-field_20\" class=\"wpforms-field-medium\" name=\"wpforms[fields][20]\" ><\/div><div id=\"wpforms-185-field_6-container\" class=\"wpforms-field wpforms-field-name\" data-field-id=\"6\"><label class=\"wpforms-field-label\" for=\"wpforms-185-field_6\">Meno a Priezvisko <span class=\"wpforms-required-label\">*<\/span><\/label><input type=\"text\" id=\"wpforms-185-field_6\" class=\"wpforms-field-medium wpforms-field-required\" name=\"wpforms[fields][6]\" required><\/div><div id=\"wpforms-185-field_7-container\" class=\"wpforms-field wpforms-field-email\" data-field-id=\"7\"><label class=\"wpforms-field-label\" for=\"wpforms-185-field_7\">Email <span class=\"wpforms-required-label\">*<\/span><\/label><input type=\"email\" id=\"wpforms-185-field_7\" class=\"wpforms-field-medium wpforms-field-required\" name=\"wpforms[fields][7]\" spellcheck=\"false\" required><\/div><div id=\"wpforms-185-field_22-container\" class=\"wpforms-field wpforms-field-number\" data-field-id=\"22\"><label class=\"wpforms-field-label\" for=\"wpforms-185-field_22\">Telef\u00f3nne \u010d\u00edslo <span class=\"wpforms-required-label\">*<\/span><\/label><input type=\"number\" id=\"wpforms-185-field_22\" class=\"wpforms-field-medium wpforms-field-required\" name=\"wpforms[fields][22]\" step=\"any\" required><\/div><div id=\"wpforms-185-field_8-container\" class=\"wpforms-field wpforms-field-textarea\" data-field-id=\"8\"><label class=\"wpforms-field-label\" for=\"wpforms-185-field_8\">In\u00e9 po\u017eiadavky:<\/label><textarea id=\"wpforms-185-field_8\" class=\"wpforms-field-medium\" name=\"wpforms[fields][8]\" ><\/textarea><\/div><div id=\"wpforms-185-field_23-container\" class=\"wpforms-field wpforms-field-radio\" data-field-id=\"23\"><label class=\"wpforms-field-label\">S\u00fahlas\u00edm s podmienkami GDPR <span class=\"wpforms-required-label\">*<\/span><\/label><ul id=\"wpforms-185-field_23\" class=\"wpforms-field-required\"><li class=\"choice-3 depth-1\"><input type=\"radio\" id=\"wpforms-185-field_23_3\" name=\"wpforms[fields][23]\" value=\"Potvrdi\u0165\" required ><label class=\"wpforms-field-label-inline\" for=\"wpforms-185-field_23_3\">Potvrdi\u0165<\/label><\/li><\/ul><\/div><\/div><!-- .wpforms-field-container --><div class=\"wpforms-submit-container\" ><input type=\"hidden\" name=\"wpforms[id]\" value=\"185\"><input type=\"hidden\" name=\"page_title\" value=\"\"><input type=\"hidden\" name=\"page_url\" value=\"https:\/\/casazabka.com\/development\/wp-json\/wp\/v2\/pages\/180\"><input type=\"hidden\" name=\"url_referer\" value=\"\"><button type=\"submit\" name=\"wpforms[submit]\" id=\"wpforms-submit-185\" class=\"wpforms-submit\" data-alt-text=\"Odosiela...\" data-submit-text=\"Odosla\u0165\" aria-live=\"assertive\" value=\"wpforms-submit\">Odosla\u0165<\/button><img decoding=\"async\" src=\"https:\/\/casazabka.com\/development\/wp-content\/plugins\/wpforms-lite\/assets\/images\/submit-spin.svg\" class=\"wpforms-submit-spinner\" style=\"display: none;\" width=\"26\" height=\"26\" alt=\"Loading\"><\/div><\/form><\/div>  <!-- .wpforms-container -->\n<\/div><\/div>\n<\/div><\/div><div class=\"wp-block-gutenbee-container-background\" data-parallax-speed=\"0.3\"><\/div><\/div>\n<\/div><\/div>\n<\/div><\/div><div class=\"wp-block-gutenbee-container-background\" data-parallax-speed=\"0.3\"><\/div><\/div>\n\n\n\n<p><\/p>\n","protected":false},"excerpt":{"rendered":"","protected":false},"author":1,"featured_media":0,"parent":0,"menu_order":0,"comment_status":"closed","ping_status":"closed","template":"templates\/template-fullwidth-boxed.php","meta":{"_mi_skip_tracking":false,"_monsterinsights_sitenote_active":false,"_monsterinsights_sitenote_note":"","_monsterinsights_sitenote_category":0,"footnotes":""},"class_list":["post-180","page","type-page","status-publish","hentry"],"aioseo_notices":[],"_links":{"self":[{"href":"https:\/\/casazabka.com\/development\/wp-json\/wp\/v2\/pages\/180","targetHints":{"allow":["GET"]}}],"collection":[{"href":"https:\/\/casazabka.com\/development\/wp-json\/wp\/v2\/pages"}],"about":[{"href":"https:\/\/casazabka.com\/development\/wp-json\/wp\/v2\/types\/page"}],"author":[{"embeddable":true,"href":"https:\/\/casazabka.com\/development\/wp-json\/wp\/v2\/users\/1"}],"replies":[{"embeddable":true,"href":"https:\/\/casazabka.com\/development\/wp-json\/wp\/v2\/comments?post=180"}],"version-history":[{"count":10,"href":"https:\/\/casazabka.com\/development\/wp-json\/wp\/v2\/pages\/180\/revisions"}],"predecessor-version":[{"id":1355,"href":"https:\/\/casazabka.com\/development\/wp-json\/wp\/v2\/pages\/180\/revisions\/1355"}],"wp:attachment":[{"href":"https:\/\/casazabka.com\/development\/wp-json\/wp\/v2\/media?parent=180"}],"curies":[{"name":"wp","href":"https:\/\/api.w.org\/{rel}","templated":true}]}}