{"id":910,"date":"2022-11-26T18:48:21","date_gmt":"2022-11-26T18:48:21","guid":{"rendered":"https:\/\/casazabka.com\/development\/?page_id=910"},"modified":"2023-12-08T07:35:38","modified_gmt":"2023-12-08T07:35:38","slug":"inzercia-croatia","status":"publish","type":"page","link":"https:\/\/casazabka.com\/development\/inzercia-croatia\/","title":{"rendered":"INZERCIA Croatia"},"content":{"rendered":"\n<div id=\"block-d02727-cbff-40\" class=\"wp-block-gutenbee-container alignfull block-d02727-cbff-40 has-parallax theme-grid has-background-image has-background-overlay\"><style>.wp-block-gutenbee-container.block-d02727-cbff-40 > .wp-block-gutenbee-container-background { background-image: url(https:\/\/casazabka.com\/development\/wp-content\/uploads\/2022\/06\/IMG_8655.jpg); background-repeat: no-repeat; background-size: cover; background-position: top center; background-attachment: scroll; }<\/style><div class=\"wp-block-gutenbee-container-inner\"><div class=\"wp-block-gutenbee-container-row wp-block-gutenbee-container-lg\">\n<div class=\"wp-block-gutenbee-column block-ab6096-c937-48\"><style>.wp-block-gutenbee-column.block-ab6096-c937-48 > .wp-block-gutenbee-column-content { margin-top: 200px;  margin-bottom: 195px; [object Object] }\n\n\n      @media (max-width: 991px) {\n        .wp-block-gutenbee-column.block-ab6096-c937-48 { flex-basis: 100%; }\n      }\n    \n\n      @media (max-width: 575px) {\n        .wp-block-gutenbee-column.block-ab6096-c937-48 { flex-basis: 100%; }\n      }<\/style><div class=\"wp-block-gutenbee-column-content\">\n<h2 id=\"block-eaa8c4-7670-4d\" class=\"wp-block-gutenbee-heading block-eaa8c4-7670-4d\">Nehnute\u013enosti na predaj<\/h2>\n\n\n<div\n\t\t\t\tid=\"block-9e876d-df73-4e\"\n\t\t\t\tclass=\"wp-block-gutenbee-post-types block-9e876d-df73-4e \"\n\t\t\t\t\t\t\t><div class=\"row row-items row-columns-1\">\t\t\t\t<div class=\"na-predaj term-6 col-12\">\n\n<article id=\"entry-1330\" class=\"entry-item entry-item-media post-1330 ignition-accommodati type-ignition-accommodati status-publish has-post-thumbnail hentry ignition_accommodation_category-na-predaj\">\n\t\t<figure class=\"entry-thumb\">\n\t\t<a href=\"https:\/\/casazabka.com\/development\/accommodation\/projekt-grebastica\/\">\n\t\t\t<img fetchpriority=\"high\" decoding=\"async\" width=\"295\" height=\"295\" src=\"https:\/\/casazabka.com\/development\/wp-content\/uploads\/2023\/12\/Projekt-Grebastica-Casa-Zabka-development-1.jpg\" class=\"attachment-ignition_article_media size-ignition_article_media wp-post-image\" alt=\"\" srcset=\"https:\/\/casazabka.com\/development\/wp-content\/uploads\/2023\/12\/Projekt-Grebastica-Casa-Zabka-development-1.jpg 295w, https:\/\/casazabka.com\/development\/wp-content\/uploads\/2023\/12\/Projekt-Grebastica-Casa-Zabka-development-1-150x150.jpg 150w, https:\/\/casazabka.com\/development\/wp-content\/uploads\/2023\/12\/Projekt-Grebastica-Casa-Zabka-development-1-75x75.jpg 75w, https:\/\/casazabka.com\/development\/wp-content\/uploads\/2023\/12\/Projekt-Grebastica-Casa-Zabka-development-1-160x160.jpg 160w\" sizes=\"(max-width: 295px) 100vw, 295px\" \/>\t\t<\/a>\n\t<\/figure>\n\t\n\t<div class=\"entry-item-content-wrap\">\n\t\t<header class=\"entry-header\"><h2 class=\"entry-title\"><a href=\"https:\/\/casazabka.com\/development\/accommodation\/projekt-grebastica\/\">PROJEKT GREBA\u0160TICA<\/a><\/h2><\/header>\n\t\t\t\t\t<div class=\"entry-item-excerpt\">\n\t\t\t\t<p>Projekt Greba\u0161tica &#8211; Apartm\u00e1nov\u00e9 domy &#8211; 5500,-\u00a0\u20ac\/m2<\/p>\n\t\t\t<\/div>\n\t\t\n\t\t<a href=\"https:\/\/casazabka.com\/development\/accommodation\/projekt-grebastica\/\" class=\"btn entry-more-btn\">\n\t\t\tViac\t\t<\/a>\n\t<\/div>\n<\/article>\n\n<\/div>\t\t\t\t<div class=\"na-predaj term-6 col-12\">\n\n<article id=\"entry-1316\" class=\"entry-item entry-item-media post-1316 ignition-accommodati type-ignition-accommodati status-publish has-post-thumbnail hentry ignition_accommodation_category-na-predaj\">\n\t\t<figure class=\"entry-thumb\">\n\t\t<a href=\"https:\/\/casazabka.com\/development\/accommodation\/green-hills-projekt-investicna-prilezitost\/\">\n\t\t\t<img decoding=\"async\" width=\"295\" height=\"295\" src=\"https:\/\/casazabka.com\/development\/wp-content\/uploads\/2023\/12\/Green-Hills-project-Hvar.jpg\" class=\"attachment-ignition_article_media size-ignition_article_media wp-post-image\" alt=\"\" srcset=\"https:\/\/casazabka.com\/development\/wp-content\/uploads\/2023\/12\/Green-Hills-project-Hvar.jpg 295w, https:\/\/casazabka.com\/development\/wp-content\/uploads\/2023\/12\/Green-Hills-project-Hvar-150x150.jpg 150w, https:\/\/casazabka.com\/development\/wp-content\/uploads\/2023\/12\/Green-Hills-project-Hvar-75x75.jpg 75w, https:\/\/casazabka.com\/development\/wp-content\/uploads\/2023\/12\/Green-Hills-project-Hvar-160x160.jpg 160w\" sizes=\"(max-width: 295px) 100vw, 295px\" \/>\t\t<\/a>\n\t<\/figure>\n\t\n\t<div class=\"entry-item-content-wrap\">\n\t\t<header class=\"entry-header\"><h2 class=\"entry-title\"><a href=\"https:\/\/casazabka.com\/development\/accommodation\/green-hills-projekt-investicna-prilezitost\/\">Green Hills Projekt &#8211; investi\u010dn\u00e1 pr\u00edle\u017eitos\u0165<\/a><\/h2><\/header>\n\t\t\t\t\t<div class=\"entry-item-excerpt\">\n\t\t\t\t<p>Investi\u010dn\u00e1 pr\u00edle\u017eitos\u0165 na Hvare<\/p>\n\t\t\t<\/div>\n\t\t\n\t\t<a href=\"https:\/\/casazabka.com\/development\/accommodation\/green-hills-projekt-investicna-prilezitost\/\" class=\"btn entry-more-btn\">\n\t\t\tViac\t\t<\/a>\n\t<\/div>\n<\/article>\n\n<\/div>\t\t\t\t<div class=\"na-predaj term-6 col-12\">\n\n<article id=\"entry-305\" class=\"entry-item entry-item-media post-305 ignition-accommodati type-ignition-accommodati status-publish has-post-thumbnail hentry ignition_accommodation_category-na-predaj\">\n\t\t<figure class=\"entry-thumb\">\n\t\t<a href=\"https:\/\/casazabka.com\/development\/accommodation\/vila-zaboric\/\">\n\t\t\t<img decoding=\"async\" width=\"510\" height=\"510\" src=\"https:\/\/casazabka.com\/development\/wp-content\/uploads\/2022\/06\/DJI_0006-HDR_zmensena-510x510.jpg\" class=\"attachment-ignition_article_media size-ignition_article_media wp-post-image\" alt=\"\" srcset=\"https:\/\/casazabka.com\/development\/wp-content\/uploads\/2022\/06\/DJI_0006-HDR_zmensena-510x510.jpg 510w, https:\/\/casazabka.com\/development\/wp-content\/uploads\/2022\/06\/DJI_0006-HDR_zmensena-150x150.jpg 150w, https:\/\/casazabka.com\/development\/wp-content\/uploads\/2022\/06\/DJI_0006-HDR_zmensena-160x160.jpg 160w\" sizes=\"(max-width: 510px) 100vw, 510px\" \/>\t\t<\/a>\n\t<\/figure>\n\t\n\t<div class=\"entry-item-content-wrap\">\n\t\t<header class=\"entry-header\"><h2 class=\"entry-title\"><a href=\"https:\/\/casazabka.com\/development\/accommodation\/vila-zaboric\/\">VILA ZABORIC<\/a><\/h2><\/header>\n\t\t\t\t\t<div class=\"entry-item-excerpt\">\n\t\t\t\t<p>ZV\u00ddHODNEN\u00c1 CENA: 599 000,-\u20ac<\/p>\n\t\t\t<\/div>\n\t\t\n\t\t<a href=\"https:\/\/casazabka.com\/development\/accommodation\/vila-zaboric\/\" class=\"btn entry-more-btn\">\n\t\t\tViac\t\t<\/a>\n\t<\/div>\n<\/article>\n\n<\/div>\t\t\t\t<div class=\"na-predaj term-6 col-12\">\n\n<article id=\"entry-59\" class=\"entry-item entry-item-media post-59 ignition-accommodati type-ignition-accommodati status-publish has-post-thumbnail hentry ignition_accommodation_category-na-predaj\">\n\t\t<figure class=\"entry-thumb\">\n\t\t<a href=\"https:\/\/casazabka.com\/development\/accommodation\/vila-primosten\/\">\n\t\t\t<img loading=\"lazy\" decoding=\"async\" width=\"510\" height=\"510\" src=\"https:\/\/casazabka.com\/development\/wp-content\/uploads\/2022\/06\/PXL_20220401_114224623_zmensena-510x510.jpg\" class=\"attachment-ignition_article_media size-ignition_article_media wp-post-image\" alt=\"\" srcset=\"https:\/\/casazabka.com\/development\/wp-content\/uploads\/2022\/06\/PXL_20220401_114224623_zmensena-510x510.jpg 510w, https:\/\/casazabka.com\/development\/wp-content\/uploads\/2022\/06\/PXL_20220401_114224623_zmensena-150x150.jpg 150w, https:\/\/casazabka.com\/development\/wp-content\/uploads\/2022\/06\/PXL_20220401_114224623_zmensena-160x160.jpg 160w\" sizes=\"(max-width: 510px) 100vw, 510px\" \/>\t\t<\/a>\n\t<\/figure>\n\t\n\t<div class=\"entry-item-content-wrap\">\n\t\t<header class=\"entry-header\"><h2 class=\"entry-title\"><a href=\"https:\/\/casazabka.com\/development\/accommodation\/vila-primosten\/\">VILA PRIMO\u0160TEN<\/a><\/h2><\/header>\n\t\t\t\t\t<div class=\"entry-item-excerpt\">\n\t\t\t\t<p>1 099 000,-\u00a0\u20ac<\/p>\n\t\t\t<\/div>\n\t\t\n\t\t<a href=\"https:\/\/casazabka.com\/development\/accommodation\/vila-primosten\/\" class=\"btn entry-more-btn\">\n\t\t\tViac\t\t<\/a>\n\t<\/div>\n<\/article>\n\n<\/div><\/div><\/div>\n\n\n<div id=\"block-e892f7-c16b-42\" class=\"wp-block-gutenbee-divider block-e892f7-c16b-42 align-center\" style=\"height:10px\"><style>.wp-block-gutenbee-divider.block-e892f7-c16b-42 { margin-top: 50px;  margin-bottom: 50px; }<\/style><div class=\"wp-block-gutenbee-divider-inner\" style=\"border-top-style:solid;border-top-width:1px;border-top-color:#caad2a;width:100%\"><\/div><\/div>\n\n\n\n<h2 id=\"block-eaf609-5b6f-4e\" class=\"wp-block-gutenbee-heading block-eaf609-5b6f-4e\">Predan\u00e9 nehnute\u013enosti <\/h2>\n\n\n<div\n\t\t\t\tid=\"block-a8863a-fbae-47\"\n\t\t\t\tclass=\"wp-block-gutenbee-post-types block-a8863a-fbae-47 \"\n\t\t\t\t\t\t\t><div class=\"row row-items row-columns-1\">\t\t\t\t<div class=\"predane term-7 col-12\">\n\n<article id=\"entry-1249\" class=\"entry-item entry-item-media post-1249 ignition-accommodati type-ignition-accommodati status-publish has-post-thumbnail hentry ignition_accommodation_category-predane\">\n\t\t<figure class=\"entry-thumb\">\n\t\t<a href=\"https:\/\/casazabka.com\/development\/accommodation\/grebastica\/\">\n\t\t\t<img loading=\"lazy\" decoding=\"async\" width=\"510\" height=\"510\" src=\"https:\/\/casazabka.com\/development\/wp-content\/uploads\/2022\/12\/Grebastica-min-510x510.jpg\" class=\"attachment-ignition_article_media size-ignition_article_media wp-post-image\" alt=\"\" srcset=\"https:\/\/casazabka.com\/development\/wp-content\/uploads\/2022\/12\/Grebastica-min-510x510.jpg 510w, https:\/\/casazabka.com\/development\/wp-content\/uploads\/2022\/12\/Grebastica-min-150x150.jpg 150w, https:\/\/casazabka.com\/development\/wp-content\/uploads\/2022\/12\/Grebastica-min-75x75.jpg 75w, https:\/\/casazabka.com\/development\/wp-content\/uploads\/2022\/12\/Grebastica-min-160x160.jpg 160w\" sizes=\"(max-width: 510px) 100vw, 510px\" \/>\t\t<\/a>\n\t<\/figure>\n\t\n\t<div class=\"entry-item-content-wrap\">\n\t\t<header class=\"entry-header\"><h2 class=\"entry-title\"><a href=\"https:\/\/casazabka.com\/development\/accommodation\/grebastica\/\">GREBA\u0160TICA &#8211; PREDAN\u00c9<\/a><\/h2><\/header>\n\t\t\t\t\t<div class=\"entry-item-excerpt\">\n\t\t\t\t<p>2500,-\u00a0\u20ac\/m2<\/p>\n\t\t\t<\/div>\n\t\t\n\t\t<a href=\"https:\/\/casazabka.com\/development\/accommodation\/grebastica\/\" class=\"btn entry-more-btn\">\n\t\t\tViac\t\t<\/a>\n\t<\/div>\n<\/article>\n\n<\/div>\t\t\t\t<div class=\"predane term-7 col-12\">\n\n<article id=\"entry-303\" class=\"entry-item entry-item-media post-303 ignition-accommodati type-ignition-accommodati status-publish has-post-thumbnail hentry ignition_accommodation_category-predane\">\n\t\t<figure class=\"entry-thumb\">\n\t\t<a href=\"https:\/\/casazabka.com\/development\/accommodation\/vila-lozovac\/\">\n\t\t\t<img loading=\"lazy\" decoding=\"async\" width=\"510\" height=\"510\" src=\"https:\/\/casazabka.com\/development\/wp-content\/uploads\/2022\/06\/skelin_004-510x510.jpg\" class=\"attachment-ignition_article_media size-ignition_article_media wp-post-image\" alt=\"\" srcset=\"https:\/\/casazabka.com\/development\/wp-content\/uploads\/2022\/06\/skelin_004-510x510.jpg 510w, https:\/\/casazabka.com\/development\/wp-content\/uploads\/2022\/06\/skelin_004-150x150.jpg 150w, https:\/\/casazabka.com\/development\/wp-content\/uploads\/2022\/06\/skelin_004-160x160.jpg 160w\" sizes=\"(max-width: 510px) 100vw, 510px\" \/>\t\t<\/a>\n\t<\/figure>\n\t\n\t<div class=\"entry-item-content-wrap\">\n\t\t<header class=\"entry-header\"><h2 class=\"entry-title\"><a href=\"https:\/\/casazabka.com\/development\/accommodation\/vila-lozovac\/\">VILA LOZOVAC &#8211; PREDAN\u00c9<\/a><\/h2><\/header>\n\t\t\t\t\t<div class=\"entry-item-excerpt\">\n\t\t\t\t<p>429 000,-\u00a0\u20ac<\/p>\n\t\t\t<\/div>\n\t\t\n\t\t<a href=\"https:\/\/casazabka.com\/development\/accommodation\/vila-lozovac\/\" class=\"btn entry-more-btn\">\n\t\t\tViac\t\t<\/a>\n\t<\/div>\n<\/article>\n\n<\/div>\t\t\t\t<div class=\"predane term-7 col-12\">\n\n<article id=\"entry-869\" class=\"entry-item entry-item-media post-869 ignition-accommodati type-ignition-accommodati status-publish has-post-thumbnail hentry ignition_accommodation_category-predane\">\n\t\t<figure class=\"entry-thumb\">\n\t\t<a href=\"https:\/\/casazabka.com\/development\/accommodation\/dvojapartmanova-vila-razanj\/\">\n\t\t\t<img loading=\"lazy\" decoding=\"async\" width=\"510\" height=\"510\" src=\"https:\/\/casazabka.com\/development\/wp-content\/uploads\/2022\/07\/1-510x510.jpg\" class=\"attachment-ignition_article_media size-ignition_article_media wp-post-image\" alt=\"\" srcset=\"https:\/\/casazabka.com\/development\/wp-content\/uploads\/2022\/07\/1-510x510.jpg 510w, https:\/\/casazabka.com\/development\/wp-content\/uploads\/2022\/07\/1-150x150.jpg 150w, https:\/\/casazabka.com\/development\/wp-content\/uploads\/2022\/07\/1-75x75.jpg 75w, https:\/\/casazabka.com\/development\/wp-content\/uploads\/2022\/07\/1-160x160.jpg 160w\" sizes=\"(max-width: 510px) 100vw, 510px\" \/>\t\t<\/a>\n\t<\/figure>\n\t\n\t<div class=\"entry-item-content-wrap\">\n\t\t<header class=\"entry-header\"><h2 class=\"entry-title\"><a href=\"https:\/\/casazabka.com\/development\/accommodation\/dvojapartmanova-vila-razanj\/\">DVOJAPARTM\u00c1NOV\u00c1 VILA RA\u017dANJ &#8211; PREDAN\u00c9<\/a><\/h2><\/header>\n\t\t\t\t\t<div class=\"entry-item-excerpt\">\n\t\t\t\t<p>CENA: 600 000,-\u20ac<\/p>\n\t\t\t<\/div>\n\t\t\n\t\t<a href=\"https:\/\/casazabka.com\/development\/accommodation\/dvojapartmanova-vila-razanj\/\" class=\"btn entry-more-btn\">\n\t\t\tViac\t\t<\/a>\n\t<\/div>\n<\/article>\n\n<\/div>\t\t\t\t<div class=\"predane term-7 col-12\">\n\n<article id=\"entry-317\" class=\"entry-item entry-item-media post-317 ignition-accommodati type-ignition-accommodati status-publish has-post-thumbnail hentry ignition_accommodation_category-predane\">\n\t\t<figure class=\"entry-thumb\">\n\t\t<a href=\"https:\/\/casazabka.com\/development\/accommodation\/pozemoka-korcula\/\">\n\t\t\t<img loading=\"lazy\" decoding=\"async\" width=\"510\" height=\"510\" src=\"https:\/\/casazabka.com\/development\/wp-content\/uploads\/2022\/06\/Pozemok-Korcula-Casa-Zabka-Developments-3-510x510.jpg\" class=\"attachment-ignition_article_media size-ignition_article_media wp-post-image\" alt=\"\" srcset=\"https:\/\/casazabka.com\/development\/wp-content\/uploads\/2022\/06\/Pozemok-Korcula-Casa-Zabka-Developments-3-510x510.jpg 510w, https:\/\/casazabka.com\/development\/wp-content\/uploads\/2022\/06\/Pozemok-Korcula-Casa-Zabka-Developments-3-150x150.jpg 150w, https:\/\/casazabka.com\/development\/wp-content\/uploads\/2022\/06\/Pozemok-Korcula-Casa-Zabka-Developments-3-160x160.jpg 160w\" sizes=\"(max-width: 510px) 100vw, 510px\" \/>\t\t<\/a>\n\t<\/figure>\n\t\n\t<div class=\"entry-item-content-wrap\">\n\t\t<header class=\"entry-header\"><h2 class=\"entry-title\"><a href=\"https:\/\/casazabka.com\/development\/accommodation\/pozemoka-korcula\/\">POZEMOKA KOR\u010cU\u013dA &#8211; PREDAN\u00c9<\/a><\/h2><\/header>\n\t\t\t\t\t<div class=\"entry-item-excerpt\">\n\t\t\t\t<p>629\u00a0400,-\u00a0\u20ac<\/p>\n\t\t\t<\/div>\n\t\t\n\t\t<a href=\"https:\/\/casazabka.com\/development\/accommodation\/pozemoka-korcula\/\" class=\"btn entry-more-btn\">\n\t\t\tViac\t\t<\/a>\n\t<\/div>\n<\/article>\n\n<\/div>\t\t\t\t<div class=\"predane term-7 col-12\">\n\n<article id=\"entry-306\" class=\"entry-item entry-item-media post-306 ignition-accommodati type-ignition-accommodati status-publish has-post-thumbnail hentry ignition_accommodation_category-predane\">\n\t\t<figure class=\"entry-thumb\">\n\t\t<a href=\"https:\/\/casazabka.com\/development\/accommodation\/apartman-pag-novalja\/\">\n\t\t\t<img loading=\"lazy\" decoding=\"async\" width=\"510\" height=\"510\" src=\"https:\/\/casazabka.com\/development\/wp-content\/uploads\/2022\/06\/3255F2BC-AD77-4225-8DC5-438ED4CCBE53-510x510.jpg\" class=\"attachment-ignition_article_media size-ignition_article_media wp-post-image\" alt=\"\" srcset=\"https:\/\/casazabka.com\/development\/wp-content\/uploads\/2022\/06\/3255F2BC-AD77-4225-8DC5-438ED4CCBE53-510x510.jpg 510w, https:\/\/casazabka.com\/development\/wp-content\/uploads\/2022\/06\/3255F2BC-AD77-4225-8DC5-438ED4CCBE53-150x150.jpg 150w, https:\/\/casazabka.com\/development\/wp-content\/uploads\/2022\/06\/3255F2BC-AD77-4225-8DC5-438ED4CCBE53-160x160.jpg 160w\" sizes=\"(max-width: 510px) 100vw, 510px\" \/>\t\t<\/a>\n\t<\/figure>\n\t\n\t<div class=\"entry-item-content-wrap\">\n\t\t<header class=\"entry-header\"><h2 class=\"entry-title\"><a href=\"https:\/\/casazabka.com\/development\/accommodation\/apartman-pag-novalja\/\">APARTM\u00c1N PAG-NOVALJA  &#8211; PREDAN\u00c9<\/a><\/h2><\/header>\n\t\t\t\t\t<div class=\"entry-item-excerpt\">\n\t\t\t\t<p>125 000,-\u00a0\u20ac<\/p>\n\t\t\t<\/div>\n\t\t\n\t\t<a href=\"https:\/\/casazabka.com\/development\/accommodation\/apartman-pag-novalja\/\" class=\"btn entry-more-btn\">\n\t\t\tViac\t\t<\/a>\n\t<\/div>\n<\/article>\n\n<\/div>\t\t\t\t<div class=\"predane term-7 col-12\">\n\n<article id=\"entry-304\" class=\"entry-item entry-item-media post-304 ignition-accommodati type-ignition-accommodati status-publish has-post-thumbnail hentry ignition_accommodation_category-predane\">\n\t\t<figure class=\"entry-thumb\">\n\t\t<a href=\"https:\/\/casazabka.com\/development\/accommodation\/apartman-novostavbe-sveti-filip-i-jakov\/\">\n\t\t\t<img loading=\"lazy\" decoding=\"async\" width=\"510\" height=\"510\" src=\"https:\/\/casazabka.com\/development\/wp-content\/uploads\/2022\/06\/1-1-510x510.jpg\" class=\"attachment-ignition_article_media size-ignition_article_media wp-post-image\" alt=\"\" srcset=\"https:\/\/casazabka.com\/development\/wp-content\/uploads\/2022\/06\/1-1-510x510.jpg 510w, https:\/\/casazabka.com\/development\/wp-content\/uploads\/2022\/06\/1-1-150x150.jpg 150w, https:\/\/casazabka.com\/development\/wp-content\/uploads\/2022\/06\/1-1-75x75.jpg 75w, https:\/\/casazabka.com\/development\/wp-content\/uploads\/2022\/06\/1-1-160x160.jpg 160w\" sizes=\"(max-width: 510px) 100vw, 510px\" \/>\t\t<\/a>\n\t<\/figure>\n\t\n\t<div class=\"entry-item-content-wrap\">\n\t\t<header class=\"entry-header\"><h2 class=\"entry-title\"><a href=\"https:\/\/casazabka.com\/development\/accommodation\/apartman-novostavbe-sveti-filip-i-jakov\/\">APARTMAN SVETI FILIP I JAKOV  &#8211; PREDAN\u00c9<\/a><\/h2><\/header>\n\t\t\t\t\t<div class=\"entry-item-excerpt\">\n\t\t\t\t<p>320 000,-\u00a0\u20ac<\/p>\n\t\t\t<\/div>\n\t\t\n\t\t<a href=\"https:\/\/casazabka.com\/development\/accommodation\/apartman-novostavbe-sveti-filip-i-jakov\/\" class=\"btn entry-more-btn\">\n\t\t\tViac\t\t<\/a>\n\t<\/div>\n<\/article>\n\n<\/div><\/div><\/div><\/div><\/div>\n<\/div><div class=\"wp-block-gutenbee-container-background-overlay\" style=\"background-color:rgba(0, 0, 0, 0.43)\"><\/div><\/div><div class=\"wp-block-gutenbee-container-background gutenbee-parallax\" data-parallax-speed=\"0.3\"><\/div><\/div>\n","protected":false},"excerpt":{"rendered":"","protected":false},"author":1,"featured_media":0,"parent":0,"menu_order":0,"comment_status":"closed","ping_status":"closed","template":"templates\/template-fullwidth-boxed.php","meta":{"_mi_skip_tracking":false,"_monsterinsights_sitenote_active":false,"_monsterinsights_sitenote_note":"","_monsterinsights_sitenote_category":0,"footnotes":""},"class_list":["post-910","page","type-page","status-publish","hentry"],"aioseo_notices":[],"_links":{"self":[{"href":"https:\/\/casazabka.com\/development\/wp-json\/wp\/v2\/pages\/910","targetHints":{"allow":["GET"]}}],"collection":[{"href":"https:\/\/casazabka.com\/development\/wp-json\/wp\/v2\/pages"}],"about":[{"href":"https:\/\/casazabka.com\/development\/wp-json\/wp\/v2\/types\/page"}],"author":[{"embeddable":true,"href":"https:\/\/casazabka.com\/development\/wp-json\/wp\/v2\/users\/1"}],"replies":[{"embeddable":true,"href":"https:\/\/casazabka.com\/development\/wp-json\/wp\/v2\/comments?post=910"}],"version-history":[{"count":3,"href":"https:\/\/casazabka.com\/development\/wp-json\/wp\/v2\/pages\/910\/revisions"}],"predecessor-version":[{"id":1284,"href":"https:\/\/casazabka.com\/development\/wp-json\/wp\/v2\/pages\/910\/revisions\/1284"}],"wp:attachment":[{"href":"https:\/\/casazabka.com\/development\/wp-json\/wp\/v2\/media?parent=910"}],"curies":[{"name":"wp","href":"https:\/\/api.w.org\/{rel}","templated":true}]}}